{"id":55,"date":"2023-08-17T12:50:21","date_gmt":"2023-08-17T10:50:21","guid":{"rendered":"http:\/\/new.hempevolution.eu\/?post_type=product&#038;p=55"},"modified":"2023-09-18T10:41:53","modified_gmt":"2023-09-18T08:41:53","slug":"cbd-olejek-raw","status":"publish","type":"product","link":"https:\/\/hempevolution.eu\/en\/sklep\/cbd-olejek-raw\/","title":{"rendered":"CBD Oil Raw"},"content":{"rendered":"<p><i class=\"fas fa-shield-alt\"><\/i><strong>\u00a0 STRESS UNDER CONTROL<\/strong>: This oil is a natural way to combat stress. Regular use will help minimize its impact on your body, providing support in everyday challenges.<\/p>\n<p><i class=\"fas fa-brain\"><\/i><strong>\u00a0 MENTAL RELAXATION<\/strong>: It helps alleviate tension and anxiety, allowing you to focus on key aspects of daily life.<\/p>\n<p><i class=\"fas fa-heartbeat\"><\/i><strong>\u00a0 EMOTIONAL STABILITY<\/strong>: We understand the importance of maintaining emotional balance in everyday life. The oil supports emotional stability, keeping your mind clear, calm, and energized.<\/p>\n<p><i class=\"fas fa-bed\"><\/i><strong>\u00a0 FASTER FALLING ASLEEP<\/strong>: Imagine that after a day full of activity, you fall asleep quickly and effortlessly. The oil will help you in the natural process of falling asleep, inducing a state of relaxation and preparing you for a long and deep sleep.<\/p>\n<p><i class=\"fas fa-moon\"><\/i><strong>\u00a0 PEACEFUL AND DEEP SLEEP<\/strong>: Sleep plays a crucial role in the body's regeneration. Our CBD oil improves sleep quality, ensuring deep rest and an energetic awakening.<\/p>\n<p><i class=\"fas fa-shield-virus\"><\/i><strong>\u00a0 BOOSTING IMMUNITY<\/strong>: If your body needs support to maintain health, CBD oil can influence your overall immunity, helping you maintain inner balance.<\/p>\n<p><i class=\"fas fa-eye-dropper\"><\/i><strong>\u00a0 HOW TO USE<\/strong>: Shake before use. 1 pump under the tongue twice daily.<\/p>","protected":false},"excerpt":{"rendered":"<p><i class=\"fas fa-leaf\"><\/i> Linia RAW to kolekcja wyj\u0105tkowych olejk\u00f3w o pe\u0142nym spektrum dzia\u0142ania, oferuj\u0105ca r\u00f3\u017cnorodne st\u0119\u017cenia CBD. Odkryj wszechstronne mo\u017cliwo\u015bci dobroczynnego wp\u0142ywu na Twoje \u017cycie i zdrowie.<\/p>\n<p><i class=\"fas fa-cannabis\"><\/i> Pe\u0142ne spektrum dzia\u0142ania kannabinoid\u00f3w.<\/p>\n<p><i class=\"fas fa-ban\"><\/i> THC &lt;0.2%.<\/p>","protected":false},"featured_media":1390,"comment_status":"open","ping_status":"closed","template":"","meta":{"_acf_changed":false},"product_brand":[],"product_cat":[18,19],"product_tag":[60,59,44,63,93,91,75,79,88,51,39,50,53,52,105,77,86,43,83,96,97,48,78,103,85,70,80,99,76,49,46,72,108,45,101,73,95,42,102,74,81,40,90,98,87,56,100,104,41,65,82,58,57,68,66,55,64,94,67,54,89,47,69],"class_list":{"0":"post-55","1":"product","2":"type-product","3":"status-publish","4":"has-post-thumbnail","6":"product_cat-olejek-cbd","7":"product_cat-olejek-cbd-raw","8":"product_tag-10-ml","9":"product_tag-300-mg-cbd","10":"product_tag-300mg","11":"product_tag-60-dawek","12":"product_tag-60-doses","13":"product_tag-balance","14":"product_tag-bez-gmo","15":"product_tag-broad-spectrum","16":"product_tag-cannabinoids","17":"product_tag-cbc","18":"product_tag-cbd","19":"product_tag-cbda","20":"product_tag-cbdv","21":"product_tag-cbg","22":"product_tag-certificates","23":"product_tag-certyfikaty","24":"product_tag-cold-pressed","25":"product_tag-dawka","26":"product_tag-dose","27":"product_tag-emotional-stability","28":"product_tag-faster-sleeping","29":"product_tag-fitoskladnikow","30":"product_tag-full-spectrum","31":"product_tag-gmo-free","32":"product_tag-hemp","33":"product_tag-hemp-evolution","34":"product_tag-hemp-seed-oil","35":"product_tag-immunity-boost","36":"product_tag-jakosc","37":"product_tag-kannabinoidy","38":"product_tag-konopi","39":"product_tag-konopie","40":"product_tag-line","41":"product_tag-linia-raw","42":"product_tag-lithuania","43":"product_tag-litwa","44":"product_tag-mental-relaxation","45":"product_tag-natura-bez-ryzyka","46":"product_tag-natural","47":"product_tag-naturalne","48":"product_tag-oil","49":"product_tag-olejek","50":"product_tag-peace","51":"product_tag-peaceful-sleep","52":"product_tag-phytonutrients","53":"product_tag-poczatkujacy","54":"product_tag-poland","55":"product_tag-quality","56":"product_tag-raw","57":"product_tag-relaks-mentalny","58":"product_tag-risk-free-nature","59":"product_tag-rownowaga","60":"product_tag-spokoj","61":"product_tag-spokojny-sen","62":"product_tag-stabilnosc-emocjonalna","63":"product_tag-stezenie","64":"product_tag-stres","65":"product_tag-stress","66":"product_tag-szybsze-zasypianie","67":"product_tag-thc-0","68":"product_tag-thc-0-2","69":"product_tag-tloczone-na-zimno","70":"product_tag-wzmacnianie-odpornosci","72":"first","73":"instock","74":"shipping-taxable","75":"purchasable","76":"product-type-variable"},"acf":[],"_links":{"self":[{"href":"https:\/\/hempevolution.eu\/en\/wp-json\/wp\/v2\/product\/55","targetHints":{"allow":["GET"]}}],"collection":[{"href":"https:\/\/hempevolution.eu\/en\/wp-json\/wp\/v2\/product"}],"about":[{"href":"https:\/\/hempevolution.eu\/en\/wp-json\/wp\/v2\/types\/product"}],"replies":[{"embeddable":true,"href":"https:\/\/hempevolution.eu\/en\/wp-json\/wp\/v2\/comments?post=55"}],"wp:featuredmedia":[{"embeddable":true,"href":"https:\/\/hempevolution.eu\/en\/wp-json\/wp\/v2\/media\/1390"}],"wp:attachment":[{"href":"https:\/\/hempevolution.eu\/en\/wp-json\/wp\/v2\/media?parent=55"}],"wp:term":[{"taxonomy":"product_brand","embeddable":true,"href":"https:\/\/hempevolution.eu\/en\/wp-json\/wp\/v2\/product_brand?post=55"},{"taxonomy":"product_cat","embeddable":true,"href":"https:\/\/hempevolution.eu\/en\/wp-json\/wp\/v2\/product_cat?post=55"},{"taxonomy":"product_tag","embeddable":true,"href":"https:\/\/hempevolution.eu\/en\/wp-json\/wp\/v2\/product_tag?post=55"}],"curies":[{"name":"wp","href":"https:\/\/api.w.org\/{rel}","templated":true}]}}