{"id":97,"date":"2023-08-17T14:39:39","date_gmt":"2023-08-17T12:39:39","guid":{"rendered":"http:\/\/new.hempevolution.eu\/?page_id=97"},"modified":"2023-08-26T16:09:38","modified_gmt":"2023-08-26T14:09:38","slug":"elementor-97","status":"publish","type":"page","link":"https:\/\/hempevolution.eu\/en\/elementor-97\/","title":{"rendered":"Privacy policy"},"content":{"rendered":"<div data-elementor-type=\"wp-page\" data-elementor-id=\"97\" class=\"elementor elementor-97\" data-elementor-post-type=\"page\">\n\t\t\t\t\t\t<section class=\"elementor-section elementor-top-section elementor-element elementor-element-04cc601 elementor-section-boxed elementor-section-height-default elementor-section-height-default\" data-id=\"04cc601\" data-element_type=\"section\" data-e-type=\"section\">\n\t\t\t\t\t\t<div class=\"elementor-container elementor-column-gap-default\">\n\t\t\t\t\t<div class=\"elementor-column elementor-col-100 elementor-top-column elementor-element elementor-element-748dd9d\" data-id=\"748dd9d\" data-element_type=\"column\" data-e-type=\"column\">\n\t\t\t<div class=\"elementor-widget-wrap elementor-element-populated\">\n\t\t\t\t\t\t<div class=\"elementor-element elementor-element-30d853b elementor-widget elementor-widget-text-editor\" data-id=\"30d853b\" data-element_type=\"widget\" data-e-type=\"widget\" data-widget_type=\"text-editor.default\">\n\t\t\t\t<div class=\"elementor-widget-container\">\n\t\t\t\t\t\t\t\t\t<p><strong>1. POSTANOWIENIA OG\u00d3LNE<\/strong><\/p><p>1.1. Niniejsza polityka prywatno\u015bci Sklepu Internetowego ma charakter informacyjny, co oznacza, \u017ce nie jest ona \u017ar\u00f3d\u0142em obowi\u0105zk\u00f3w dla Us\u0142ugobiorc\u00f3w lub Klient\u00f3w Sklepu Internetowego.<\/p><p>1.2. Administrator danych osobowych zbieranych za po\u015brednictwem Sklepu Internetowego www.hempevolution.eu Dane Firmy Hemp Evolution Sp. z o.o., info@hempevolution.eu zwany dalej \u201eAdministratorem\u201d i b\u0119d\u0105cy jednocze\u015bnie Us\u0142ugodawc\u0105 Sklepu Internetowego oraz Sprzedawca.<\/p><p>1.3. Dane osobowe Us\u0142ugobiorcy i Klienta s\u0105 przetwarzane zgodnie z ustaw\u0105 o ochronie danych osobowych z dnia 29 sierpnia 1997 r. (Dz.U. 1997 nr 133 poz. 883 ze zm.) (Dalej: Ustawa o ochronie danych osobowych) oraz Ustawa o \u015bwiadczeniu us\u0142ug drog\u0105 elektroniczn\u0105 z dnia 18 lipca 2002 r. (Dz. U. z 2002 r. Nr 144, poz. 1204 ze zm.).<\/p><p>1.4. Administrator dok\u0142ada szczeg\u00f3lnej staranno\u015bci w celu ochrony interes\u00f3w os\u00f3b, kt\u00f3rych dane dotycz\u0105, aw szczeg\u00f3lno\u015bci zapewnia, \u017ce zbierane przez niego dane s\u0105 przetwarzane zgodnie z prawem; zbierane dla okre\u015blonych, zgodnych z prawem cel\u00f3w i niepoddawane dalszemu przetwarzaniu niezgodnemu z tymi celami; merytorycznie poprawne i adekwatne w stosunku do cel\u00f3w, w jakich s\u0105 przetwarzane oraz przechowywane w postaci umo\u017cliwiaj\u0105cej identyfikacj\u0119 os\u00f3b, kt\u00f3rych dotycz\u0105, nie d\u0142u\u017cej ni\u017c jest to niezb\u0119dne do osi\u0105gni\u0119cia celu przetwarzania.<\/p><p>1.5. Wszelkie s\u0142owa, wyra\u017cenia i akronimy wyst\u0119puj\u0105ce na tej stronie i rozpoczynaj\u0105ce si\u0119 z du\u017cej litery (np. Sprzedawca, Sklep Internetowy, Us\u0142uga Elektroniczna) nale\u017cy rozumie\u0107 zgodnie z ich definicj\u0105 zawart\u0105 w Regulaminie Sklepu Internetowego dost\u0119pnym na stronie Sklepu Internetowego.<\/p><p><strong>2. CEL I ZAKRES ZBIERANIA DANYCH ORAZ ODBIORCY DANYCH<\/strong><\/p><p>2.1. Ka\u017cdorazowo cel, zakres i odbiorcy danych przetwarzanych przez Administratora wynikaj\u0105 z dzia\u0142a\u0144 podejmowanych przez Us\u0142ugobiorc\u0119 lub Klienta w Sklepie Internetowym. Przyk\u0142adowo, je\u017celi Klient w trakcie sk\u0142adania Zam\u00f3wienia wybierze odbi\u00f3r osobisty zamiast kuriera, jego dane osobowe b\u0119d\u0105 przetwarzane w celu zawarcia i realizacji Umowy Sprzeda\u017cy, ale nie b\u0119d\u0105 ju\u017c udost\u0119pniane przewo\u017anikowi realizuj\u0105cemu przesy\u0142ki na \u017c\u0105danie Administratora.<\/p><p>2.2. Mo\u017cliwe cele zbierania danych osobowych Us\u0142ugobiorc\u00f3w lub Klient\u00f3w przez Administratora:<\/p><p>2.2.1. zawarcie i realizacja Umowy Sprzeda\u017cy lub umowy o \u015bwiadczenie Us\u0142ug Elektronicznych (np. Konto).<\/p><p>2.2.2. marketing bezpo\u015bredni w\u0142asnych produkt\u00f3w lub us\u0142ug Administratora.<\/p><p>2.2.3. wyra\u017cenie opinii przez Klienta o zawartej Umowie Sprzeda\u017cy.<\/p><p>2.3. Mo\u017cliwi odbiorcy danych osobowych Klient\u00f3w Sklepu Internetowego:<\/p><p>2.3.1. W przypadku Klienta, kt\u00f3ry korzysta ze Sklepu Internetowego ze sposobu dostawy poczt\u0105 lub kurierem, Administrator udost\u0119pnia zebrane dane osobowe Klienta wybranemu przewo\u017anikowi lub po\u015brednikowi realizuj\u0105cemu przesy\u0142k\u0119 na zlecenie Administratora.<\/p><p>2.3.2. W przypadku Klienta, kt\u00f3ry korzysta w Sklepie Internetowym ze sposobu p\u0142atno\u015bci elektronicznych lub kart\u0105 p\u0142atnicz\u0105 Administrator udost\u0119pnia zebrane dane osobowe Klienta wybranemu podmiotowi obs\u0142uguj\u0105cemu powy\u017csze p\u0142atno\u015bci w Sklepie Internetowym.<\/p><p>2.3.3. W przypadku Klienta, kt\u00f3ry zgodzi\u0142 si\u0119 na wyra\u017cenie opinii o zawartej Umowie Sprzeda\u017cy, Administrator udost\u0119pnia zebrane dane osobowe Klienta wybranemu podmiotowi obs\u0142uguj\u0105cemu system ankiet opiniuj\u0105cych zawarte Umowy Sprzeda\u017cy w Sklepie Internetowym.<\/p><p>2.4. Administrator mo\u017ce przetwarza\u0107 nast\u0119puj\u0105ce dane osobowe Us\u0142ugobiorc\u00f3w lub Klient\u00f3w korzystaj\u0105cych ze Sklepu Internetowego: imi\u0119 i nazwisko; adres e-mail; Kontaktowy numer telefonu; adres dostawy (ulica, numer domu, numer lokalu, kod pocztowy, miasto, kraj), adres zamieszkania \/ prowadzenia dzia\u0142alno\u015bci \/ siedziby (je\u017celi jest inny ni\u017c adres dostawy). W przypadku Us\u0142ugobiorc\u00f3w lub Klient\u00f3w nieb\u0119d\u0105cych konsumentami Administrator mo\u017ce przetwarza\u0107 dodatkowo nazw\u0119 firmy oraz numer identyfikacji podatkowej (NIP) Us\u0142ugobiorcy lub Klienta.<\/p><p>2.5. Podanie danych osobowych, o kt\u00f3rych mowa w powy\u017cszym punkcie, mo\u017ce by\u0107 niezb\u0119dne do zawarcia i realizacji Umowy Sprzeda\u017cy lub umowy o \u015bwiadczenie Us\u0142ug Elektronicznych w Sklepie Internetowym. Ka\u017cdorazowo zakres danych niezb\u0119dnych do zawarcia umowy wskazany jest uprzednio na stronie Sklepu Internetowego oraz w Regulaminie Sklepu Internetowego.<\/p><p><strong>3. PLIKI COOKIE I DANE DOTYCZ\u0104CE WYDAJNO\u015aCI<\/strong><\/p><p>3.1. Cookies to niewielkie informacje tekstowe w postaci plik\u00f3w tekstowych, wysy\u0142ane przez serwer i zapisywane po stronie osoby odwiedzaj\u0105cej stron\u0119 Sklepu Internetowego (np. Na dysku twardym komputera, laptopa lub na karcie pami\u0119ci smartfona &#8211; w zale\u017cno\u015bci od na jakim urz\u0105dzeniu korzystaj\u0105 osoby odwiedzaj\u0105ce nasz Sklep Internetowy). Szczeg\u00f3\u0142owe informacje dot. Plik\u00f3w cookies, a tak\u017ce histori\u0119 ich powstania mo\u017cna znale\u017a\u0107: http:\/\/pl.wikipedia.org\/wiki\/Ciasteczko.<\/p><p>3.2. Administrator mo\u017ce przetwarza\u0107 dane zawarte w plikach Cookies podczas korzystania przez odwiedzaj\u0105cych ze strony Sklepu Internetowego w nast\u0119puj\u0105cych celach:<\/p><p>3.2.1. identyfikacji Us\u0142ugobiorc\u00f3w jako zalogowanych w Sklepie Internetowym i pokazywania, \u017ce s\u0105 zalogowani;<\/p><p>3.2.2. zapami\u0119tanie Produkt\u00f3w dodanych do koszyka w celu z\u0142o\u017cenia Zam\u00f3wienia;<\/p><p>3.2.3. zapami\u0119tania danych z wype\u0142nionych Formularzy Zam\u00f3wie\u0144, ankiet lub danych logowania do Sklepu Internetowego;<\/p><p>3.2.4. dostosowania zawarto\u015bci strony internetowej Sklepu internetowego do indywidualnych preferencji Us\u0142ugobiorcy (np. w zakresie kolorystyki, rozmiaru czcionki, uk\u0142adu strony) oraz optymalizacji korzystania ze stron internetowych Sklepu;<\/p><p>3.2.5. prowadzenia anonimowych statystyk przedstawiaj\u0105cych spos\u00f3b korzystania ze strony Sklepu Internetowego.<\/p><p>3.3. Standardowo wi\u0119kszo\u015b\u0107 przegl\u0105darek internetowych dost\u0119pnych na rynku domy\u015blnie akceptuje zapisywanie plik\u00f3w Cookies. Ka\u017cdy ma mo\u017cliwo\u015b\u0107 okre\u015blenia warunk\u00f3w korzystania z plik\u00f3w cookies za pomoc\u0105 ustawie\u0144 w\u0142asnej przegl\u0105darki internetowej. Oznacza to, \u017ce mo\u017cna np. Cz\u0119\u015bciowo ograniczy\u0107 (np. Czasowo) lub ca\u0142kowicie wy\u0142\u0105czy\u0107 mo\u017cliwo\u015b\u0107 zapisywania plik\u00f3w Cookies &#8211; w tym ostatnim przypadku mo\u017ce to jednak wp\u0142yn\u0105\u0107 na niekt\u00f3re funkcjonalno\u015bci Sklepu Internetowego (np. \u015bcie\u017cki Zam\u00f3wienia poprzez Formularz Zam\u00f3wienia ze wzgl\u0119du na niezapami\u0119tanie Produkt\u00f3w w koszyku podczas kolejnych krok\u00f3w sk\u0142adania Zam\u00f3wienia).<\/p><p>3.4. Ustawienia przegl\u0105darki internetowej w zakresie plik\u00f3w cookies s\u0105 istotne z punktu widzenia zgody na korzystanie z plik\u00f3w cookies przez nasz Sklep Internetowy &#8211; zgodnie z przepisami taka zgoda mo\u017ce by\u0107 r\u00f3wnie\u017c wyra\u017cona poprzez ustawienia przegl\u0105darki internetowej. W braku wyra\u017cenia takiej zgody nale\u017cy odpowiednio zmieni\u0107 ustawienia przegl\u0105darki internetowej dotycz\u0105ce plik\u00f3w cookies.<\/p><p>3.5. Szczeg\u00f3\u0142owe informacje na temat zmiany ustawie\u0144 dotycz\u0105cych plik\u00f3w cookies oraz ich samodzielnego usuwania w najpopularniejszych przegl\u0105darkach internetowych dost\u0119pne s\u0105 w dziale pomocy przegl\u0105darki internetowej oraz na poni\u017cszych stronach (wystarczy klikn\u0105\u0107 w link):<\/p><p>\u2022 w przegl\u0105darce Chrome<\/p><p>\u2022 w przegl\u0105darce Firefox<\/p><p>\u2022 w przegl\u0105darce Internet Explorer<\/p><p>\u2022 w przegl\u0105darce Opera<\/p><p>\u2022 w przegl\u0105darce Safari<\/p><p>\u2022 w przegl\u0105darce Microsoft Edge<\/p><p>3.6. Administrator przetwarza r\u00f3wnie\u017c zanonimizowane dane eksploatacyjne zwi\u0105zane z korzystaniem ze Sklepu Internetowego (tzw. Logi &#8211; adres IP, domena) do generowania statystyk pomocnych w administrowaniu Sklepem Internetowym. Dane te maj\u0105 charakter zbiorczy i anonimowy, tj. Nie zawieraj\u0105 cech identyfikuj\u0105cych osoby odwiedzaj\u0105ce stron\u0119 Sklepu Internetowego. Dzienniki nie s\u0105 ujawniane osobom trzecim.<\/p><p><strong>4. PODSTAWA PRZETWARZANIA DANYCH<\/strong><\/p><p>4.1. Podanie danych osobowych przez Us\u0142ugobiorc\u0119 lub Klienta jest dobrowolne, ale niepodanie danych osobowych wskazanych na stronie Sklepu Internetowego oraz w Regulaminie Sklepu Internetowego jest niezb\u0119dne do zawarcia i realizacji Umowy Sprzeda\u017cy lub umowy o \u015bwiadczenie Us\u0142ugi Elektronicznej skutkuje brakiem mo\u017cliwo\u015bci zawarcia niniejszej umowy.<\/p><p>4.2. Podstaw\u0105 przetwarzania danych osobowych Us\u0142ugobiorcy lub Klienta jest konieczno\u015b\u0107 wykonania umowy, kt\u00f3rej jest stron\u0105 lub podj\u0119cia na jego \u017c\u0105danie dzia\u0142a\u0144 przed jej zawarciem. W przypadku przetwarzania danych w celu marketingu bezpo\u015bredniego w\u0142asnych produkt\u00f3w lub us\u0142ug Administratora podstaw\u0105 takiego przetwarzania jest (1) uprzednia zgoda Us\u0142ugobiorcy lub Klienta lub (2) wype\u0142nienie prawnie usprawiedliwionych cel\u00f3w realizowanych przez Administratora (zgodnie z art. 23 ust. 4 ustawy o ochronie danych osobowych. prawnie uzasadnionym celem jest w szczeg\u00f3lno\u015bci marketing bezpo\u015bredni w\u0142asnych produkt\u00f3w lub us\u0142ug Administratora).<\/p><p>4.3. W przypadku przetwarzania danych w celu wyra\u017cenia przez Klienta opinii o zawartej Umowie Sprzeda\u017cy podstaw\u0105 takiego przetwarzania jest zgoda Klienta lub Klienta.<\/p><p><strong>5. PRAWO KONTROLI, DOST\u0118PU DO ICH DANYCH I KORYGOWANIA<\/strong><\/p><p>5.1. Us\u0142ugobiorca lub Klient ma prawo dost\u0119pu do tre\u015bci swoich danych oraz ich poprawiania.<\/p><p>5.2. Ka\u017cdej osobie przys\u0142uguje prawo do kontroli przetwarzania danych, kt\u00f3re jej dotycz\u0105, zawartych w zbiorze danych Administratora, aw szczeg\u00f3lno\u015bci prawo do: \u017c\u0105dania uzupe\u0142nienia, uaktualnienia, sprostowania danych osobowych, czasowego lub sta\u0142ego wstrzymania ich przetwarzania lub ich usuni\u0119cia, je\u017celi s\u0105 niekompletne lub nieaktualne, nieprawdziwe lub zosta\u0142y zebrane z naruszeniem ustawy albo s\u0105 ju\u017c zb\u0119dne do celu, dla kt\u00f3rego zosta\u0142y zebrane.<\/p><p>5.3. W przypadku wyra\u017cenia przez Us\u0142ugobiorc\u0119 lub Us\u0142ugobiorc\u0119 zgody na przetwarzanie danych w celu marketingu bezpo\u015bredniego w\u0142asnych produkt\u00f3w lub us\u0142ug Administratora zgoda mo\u017ce zosta\u0107 cofni\u0119ta w ka\u017cdym czasie.<\/p><p>5.4. W przypadku, gdy Administrator zamierza przetwarza\u0107 lub przetwarza dane Us\u0142ugobiorcy lub Klienta w celu marketingu bezpo\u015bredniego w\u0142asnych produkt\u00f3w lub us\u0142ug Administratora, osobie, kt\u00f3rej dane dotycz\u0105, przys\u0142uguje r\u00f3wnie\u017c prawo do (1) z\u0142o\u017cenia pisemnego umotywowanego \u017c\u0105dania do zaprzestania przetwarzania swoich danych ze wzgl\u0119du na jego szczeg\u00f3ln\u0105 sytuacj\u0119 lub (2) wniesienia sprzeciwu wobec przetwarzania jego danych.<\/p><p>5.5. W celu skorzystania z praw, o kt\u00f3rych mowa powy\u017cej, mo\u017cna skontaktowa\u0107 si\u0119 z Administratorem poprzez wys\u0142anie stosownej wiadomo\u015bci pisemnie lub e-mailem na adres Administratora wskazany na pocz\u0105tku niniejszej polityki prywatno\u015bci.<\/p><p><strong>6. POSTANOWIENIA KO\u0143COWE<\/strong><\/p><p>6.1. Sklep Internetowy mo\u017ce zawiera\u0107 odno\u015bniki do innych stron internetowych. Administrator namawia, aby po przej\u015bciu na inne strony, zapozna\u0107 si\u0119 z polityk\u0105 prywatno\u015bci tam ustalon\u0105. Niniejsza polityka prywatno\u015bci dotyczy tylko niniejszego Sklepu internetowego.<\/p><p>6.2. Administrator stosuje \u015brodki techniczne i organizacyjne zapewniaj\u0105ce ochron\u0119 przetwarzanych danych osobowych odpowiedni\u0105 do zagro\u017ce\u0144 oraz kategorii danych obj\u0119tych ochron\u0105, w szczeg\u00f3lno\u015bci zabezpiecza dane przed ich udost\u0119pnieniem osobom nieupowa\u017cnionym, usuni\u0119ciem przez osob\u0119 nieuprawnion\u0105, przetwarzaniem z naruszeniem obowi\u0105zuj\u0105cych przepis\u00f3w oraz zmian\u0105 , utrata, uszkodzenie lub zniszczenie.<\/p><p>6.3. Administrator zapewnia nast\u0119puj\u0105ce \u015brodki techniczne zapobiegaj\u0105ce pozyskiwaniu i modyfikowaniu danych osobowych przesy\u0142anych drog\u0105 elektroniczn\u0105 przez osoby nieuprawnione:<\/p><p>6.3.1. Zabezpieczenie zbioru danych przed nieuprawnionym dost\u0119pem.<\/p><p>6.3.2. Certyfikat SSL.<\/p><p>6.3.3. Dost\u0119p do Konta wy\u0142\u0105cznie po podaniu indywidualnego loginu i has\u0142a.<\/p><p>Informacje dotycz\u0105ce internetowego rozstrzygania spor\u00f3w zgodnie z art. 14 ust. 1 ODR (rozporz\u0105dzenia w sprawie internetowego rozstrzygania spor\u00f3w):<\/p><p>Komisja Europejska daje konsumentom mo\u017cliwo\u015b\u0107 rozwi\u0105zywania spor\u00f3w internetowych zgodnie z art. 14 ust. 1 ODR na jednej z ich platform. Platforma (http:\/\/ec.europa.eu\/consumers\/odr) s\u0142u\u017cy jako strona internetowa, na kt\u00f3rej konsumenci mog\u0105 pr\u00f3bowa\u0107 pozas\u0105dowego rozstrzygania spor\u00f3w wynikaj\u0105cych z zakup\u00f3w online i um\u00f3w o \u015bwiadczenie us\u0142ug.<\/p><p><strong>Informacje dotycz\u0105ce internetowego systemu rozstrzygania spor\u00f3w na podstawie art. 14 ust. 1 ODR (Internetowe rozstrzyganie spor\u00f3w):<\/strong><\/p><p>Komisja Europejska zapewnia konsumentom mo\u017cliwo\u015b\u0107 rozstrzygania spor\u00f3w w handlu internetowym zgodnie z art. 14 ust. 1 ODR (Internetowe rozstrzyganie spor\u00f3w), na jednej z platform.<\/p><p>Platforma <span style=\"text-decoration: underline;\">(http:\/\/ec.europa.eu\/consumers\/odr)<\/span> s\u0142u\u017cy jako miejsce, gdzie konsumenci mog\u0105 pr\u00f3bowa\u0107 osi\u0105gn\u0105\u0107 pozas\u0105dowe porozumienia w sporach wynikaj\u0105cych z zakup\u00f3w oraz um\u00f3w na us\u0142ugi w Internecie.<\/p>\t\t\t\t\t\t\t\t<\/div>\n\t\t\t\t<\/div>\n\t\t\t\t\t<\/div>\n\t\t<\/div>\n\t\t\t\t\t<\/div>\n\t\t<\/section>\n\t\t\t\t<\/div>","protected":false},"excerpt":{"rendered":"<p>1. POSTANOWIENIA OG\u00d3LNE 1.1. Niniejsza polityka prywatno\u015bci Sklepu Internetowego ma charakter informacyjny, co oznacza, \u017ce nie jest ona \u017ar\u00f3d\u0142em obowi\u0105zk\u00f3w dla Us\u0142ugobiorc\u00f3w lub Klient\u00f3w Sklepu Internetowego. 1.2. Administrator danych osobowych zbieranych za po\u015brednictwem Sklepu Internetowego www.hempevolution.eu Dane Firmy Hemp Evolution Sp. z o.o., info@hempevolution.eu zwany dalej \u201eAdministratorem\u201d i b\u0119d\u0105cy jednocze\u015bnie Us\u0142ugodawc\u0105 Sklepu Internetowego oraz Sprzedawca. [&hellip;]<\/p>\n","protected":false},"author":1,"featured_media":0,"parent":0,"menu_order":0,"comment_status":"closed","ping_status":"closed","template":"","meta":{"_acf_changed":false,"footnotes":""},"class_list":["post-97","page","type-page","status-publish","hentry"],"acf":[],"_links":{"self":[{"href":"https:\/\/hempevolution.eu\/en\/wp-json\/wp\/v2\/pages\/97","targetHints":{"allow":["GET"]}}],"collection":[{"href":"https:\/\/hempevolution.eu\/en\/wp-json\/wp\/v2\/pages"}],"about":[{"href":"https:\/\/hempevolution.eu\/en\/wp-json\/wp\/v2\/types\/page"}],"author":[{"embeddable":true,"href":"https:\/\/hempevolution.eu\/en\/wp-json\/wp\/v2\/users\/1"}],"replies":[{"embeddable":true,"href":"https:\/\/hempevolution.eu\/en\/wp-json\/wp\/v2\/comments?post=97"}],"version-history":[{"count":0,"href":"https:\/\/hempevolution.eu\/en\/wp-json\/wp\/v2\/pages\/97\/revisions"}],"wp:attachment":[{"href":"https:\/\/hempevolution.eu\/en\/wp-json\/wp\/v2\/media?parent=97"}],"curies":[{"name":"wp","href":"https:\/\/api.w.org\/{rel}","templated":true}]}}