{"id":535,"date":"2023-08-23T10:01:50","date_gmt":"2023-08-23T08:01:50","guid":{"rendered":"http:\/\/new.hempevolution.eu\/?page_id=535"},"modified":"2023-08-23T21:27:37","modified_gmt":"2023-08-23T19:27:37","slug":"faq","status":"publish","type":"page","link":"https:\/\/hempevolution.eu\/en\/faq\/","title":{"rendered":"Faq"},"content":{"rendered":"<div data-elementor-type=\"wp-page\" data-elementor-id=\"535\" class=\"elementor elementor-535\" data-elementor-post-type=\"page\">\n\t\t\t\t\t\t<section class=\"elementor-section elementor-top-section elementor-element elementor-element-f832c9a elementor-section-boxed elementor-section-height-default elementor-section-height-default\" data-id=\"f832c9a\" data-element_type=\"section\" data-e-type=\"section\">\n\t\t\t\t\t\t<div class=\"elementor-container elementor-column-gap-default\">\n\t\t\t\t\t<div class=\"elementor-column elementor-col-100 elementor-top-column elementor-element elementor-element-c27b30c\" data-id=\"c27b30c\" data-element_type=\"column\" data-e-type=\"column\">\n\t\t\t<div class=\"elementor-widget-wrap elementor-element-populated\">\n\t\t\t\t\t\t<div class=\"elementor-element elementor-element-031fa4c elementor-widget-divider--view-line_icon elementor-view-default elementor-widget-divider--element-align-center elementor-widget elementor-widget-divider\" data-id=\"031fa4c\" data-element_type=\"widget\" data-e-type=\"widget\" data-widget_type=\"divider.default\">\n\t\t\t\t<div class=\"elementor-widget-container\">\n\t\t\t\t\t\t\t<div class=\"elementor-divider\">\n\t\t\t<span class=\"elementor-divider-separator\">\n\t\t\t\t\t\t\t<div class=\"elementor-icon elementor-divider__element\">\n\t\t\t\t\t<svg xmlns=\"http:\/\/www.w3.org\/2000\/svg\" viewbox=\"0 0 512 512\" width=\"512\" height=\"512\"><g id=\"outline\"><path d=\"M471.845,343.265,419.36,266.923A201.22,201.22,0,0,0,424,224c0-110.28-89.72-200-200-200S24,113.72,24,224s89.72,200,200,200a198.616,198.616,0,0,0,73.233-13.849,92.04,92.04,0,0,0,52.588,68.713,101.916,101.916,0,0,0,84.359,0,91.814,91.814,0,0,0,37.665-135.6ZM40,224C40,122.542,122.542,40,224,40s184,82.542,184,184a186.036,186.036,0,0,1-1.584,24.1l-7.824-11.379a8,8,0,0,0-13.184,0l-12.4,18.034-2.421-.727a175.655,175.655,0,0,0-79.315-4.879A241.736,241.736,0,0,0,344.5,162.295l7.051-20.068a8,8,0,0,0-11.564-9.571l-2.418,1.4a241.384,241.384,0,0,0-74.018,66.645,222.778,222.778,0,0,0-24.513-116.4,8,8,0,0,0-7.1-4.305h-.066a8,8,0,0,0-7.089,4.422A231.766,231.766,0,0,0,200.772,201.23a241.361,241.361,0,0,0-74.4-67.17l-2.418-1.4a8,8,0,0,0-11.564,9.571l7.051,20.068a241.739,241.739,0,0,0,53.223,86.849,175.634,175.634,0,0,0-79.313,4.88l-7.712,2.313a8,8,0,0,0-.95,14.974l21.768,9.674A174.862,174.862,0,0,0,164.7,295.57a97.772,97.772,0,0,0-25.451,31.917l-2.467,4.935a8,8,0,0,0,8.47,11.469l15.057-2.509a98.015,98.015,0,0,0,59.154-33.917l4.474-5.368V368a8,8,0,0,0,16,0V302.023l4.535,5.443a98.019,98.019,0,0,0,59.153,33.916l8.813,1.468-.285.415a91.393,91.393,0,0,0-16.119,50.085A182.634,182.634,0,0,1,224,408C122.542,408,40,325.458,40,224ZM323.965,326.087a97.743,97.743,0,0,0-24.728-30.517,174.929,174.929,0,0,0,54.679-13.049Zm-85.924-51.261A8.119,8.119,0,0,0,231.905,272a8,8,0,0,0-6.112,2.878l-18.619,22.345a82.007,82.007,0,0,1-48.2,28.149,81.707,81.707,0,0,1,39.09-30.8,8,8,0,0,0-2.806-15.489,8.085,8.085,0,0,0-.862.046,158.941,158.941,0,0,1-81.443-12.764l-1.116-.5a159.816,159.816,0,0,1,87.579,6.951,8,8,0,0,0,7.791-13.752A225.771,225.771,0,0,1,135.127,158.65a225.409,225.409,0,0,1,72,83.836,8,8,0,0,0,14.946-5.4,215.813,215.813,0,0,1,10-129.946,209.547,209.547,0,0,1,10.014,129.478,8,8,0,0,0,14.932,5.446,225.482,225.482,0,0,1,71.791-83.414,225.8,225.8,0,0,1-72.083,100.417,8,8,0,0,0,7.791,13.752,159.818,159.818,0,0,1,87.579-6.951l-1.116.5a158.915,158.915,0,0,1-81.443,12.764,8,8,0,0,0-3.668,15.443,81.707,81.707,0,0,1,39.09,30.8,82.007,82.007,0,0,1-48.2-28.149L241.6,279.028ZM427.559,464.3l3.31,7.283-3.311-7.283a85.914,85.914,0,0,1-71.117,0,75.814,75.814,0,0,1-31.1-111.969L392,255.369l66.66,96.96a75.814,75.814,0,0,1-31.1,111.969Z\"><\/path><path d=\"M437.657,347.591a8,8,0,0,0-11.314,0l-80,80a8,8,0,0,0,11.314,11.314l80-80A8,8,0,0,0,437.657,347.591Z\"><\/path><path d=\"M384,369.248a24,24,0,1,0-24,24A24.027,24.027,0,0,0,384,369.248Zm-32,0a8,8,0,1,1,8,8A8.009,8.009,0,0,1,352,369.248Z\"><\/path><path d=\"M424,393.248a24,24,0,1,0,24,24A24.027,24.027,0,0,0,424,393.248Zm0,32a8,8,0,1,1,8-8A8.009,8.009,0,0,1,424,425.248Z\"><\/path><\/g><\/svg><\/div>\n\t\t\t\t\t\t<\/span>\n\t\t<\/div>\n\t\t\t\t\t\t<\/div>\n\t\t\t\t<\/div>\n\t\t\t\t<div class=\"elementor-element elementor-element-0b4ecb4 elementor-widget elementor-widget-accordion\" data-id=\"0b4ecb4\" data-element_type=\"widget\" data-e-type=\"widget\" data-widget_type=\"accordion.default\">\n\t\t\t\t<div class=\"elementor-widget-container\">\n\t\t\t\t\t\t\t<div class=\"elementor-accordion\">\n\t\t\t\t\t\t\t<div class=\"elementor-accordion-item\">\n\t\t\t\t\t<div id=\"elementor-tab-title-1181\" class=\"elementor-tab-title\" data-tab=\"1\" role=\"button\" aria-controls=\"elementor-tab-content-1181\" aria-expanded=\"false\">\n\t\t\t\t\t\t\t\t\t\t\t\t\t<span class=\"elementor-accordion-icon elementor-accordion-icon-left\" aria-hidden=\"true\">\n\t\t\t\t\t\t\t\t\t\t\t\t\t\t\t<span class=\"elementor-accordion-icon-closed\"><svg class=\"e-font-icon-svg e-fas-plus\" viewbox=\"0 0 448 512\" xmlns=\"http:\/\/www.w3.org\/2000\/svg\"><path d=\"M416 208H272V64c0-17.67-14.33-32-32-32h-32c-17.67 0-32 14.33-32 32v144H32c-17.67 0-32 14.33-32 32v32c0 17.67 14.33 32 32 32h144v144c0 17.67 14.33 32 32 32h32c17.67 0 32-14.33 32-32V304h144c17.67 0 32-14.33 32-32v-32c0-17.67-14.33-32-32-32z\"><\/path><\/svg><\/span>\n\t\t\t\t\t\t\t\t<span class=\"elementor-accordion-icon-opened\"><svg class=\"e-font-icon-svg e-fas-minus\" viewbox=\"0 0 448 512\" xmlns=\"http:\/\/www.w3.org\/2000\/svg\"><path d=\"M416 208H32c-17.67 0-32 14.33-32 32v32c0 17.67 14.33 32 32 32h384c17.67 0 32-14.33 32-32v-32c0-17.67-14.33-32-32-32z\"><\/path><\/svg><\/span>\n\t\t\t\t\t\t\t\t\t\t\t\t\t\t<\/span>\n\t\t\t\t\t\t\t\t\t\t\t\t<a class=\"elementor-accordion-title\" tabindex=\"0\">How does CBD work in the body?<\/a>\n\t\t\t\t\t<\/div>\n\t\t\t\t\t<div id=\"elementor-tab-content-1181\" class=\"elementor-tab-content elementor-clearfix\" data-tab=\"1\" role=\"region\" aria-labelledby=\"elementor-tab-title-1181\"><div class=\"questions-block__question\"><div class=\"questions-block__text\">CBD works in the body by activating receptors in the brain and nervous system \u2013 the endocannabinoid system (ECS). It affects different receptors to THC and affects many receptors which are responsible for the regulation of many parts of the body\u2019s systems.<\/div><\/div><div class=\"questions-block__question\">\u00a0<\/div><\/div>\n\t\t\t\t<\/div>\n\t\t\t\t\t\t\t<div class=\"elementor-accordion-item\">\n\t\t\t\t\t<div id=\"elementor-tab-title-1182\" class=\"elementor-tab-title\" data-tab=\"2\" role=\"button\" aria-controls=\"elementor-tab-content-1182\" aria-expanded=\"false\">\n\t\t\t\t\t\t\t\t\t\t\t\t\t<span class=\"elementor-accordion-icon elementor-accordion-icon-left\" aria-hidden=\"true\">\n\t\t\t\t\t\t\t\t\t\t\t\t\t\t\t<span class=\"elementor-accordion-icon-closed\"><svg class=\"e-font-icon-svg e-fas-plus\" viewbox=\"0 0 448 512\" xmlns=\"http:\/\/www.w3.org\/2000\/svg\"><path d=\"M416 208H272V64c0-17.67-14.33-32-32-32h-32c-17.67 0-32 14.33-32 32v144H32c-17.67 0-32 14.33-32 32v32c0 17.67 14.33 32 32 32h144v144c0 17.67 14.33 32 32 32h32c17.67 0 32-14.33 32-32V304h144c17.67 0 32-14.33 32-32v-32c0-17.67-14.33-32-32-32z\"><\/path><\/svg><\/span>\n\t\t\t\t\t\t\t\t<span class=\"elementor-accordion-icon-opened\"><svg class=\"e-font-icon-svg e-fas-minus\" viewbox=\"0 0 448 512\" xmlns=\"http:\/\/www.w3.org\/2000\/svg\"><path d=\"M416 208H32c-17.67 0-32 14.33-32 32v32c0 17.67 14.33 32 32 32h384c17.67 0 32-14.33 32-32v-32c0-17.67-14.33-32-32-32z\"><\/path><\/svg><\/span>\n\t\t\t\t\t\t\t\t\t\t\t\t\t\t<\/span>\n\t\t\t\t\t\t\t\t\t\t\t\t<a class=\"elementor-accordion-title\" tabindex=\"0\">What are the effects of CBD?<\/a>\n\t\t\t\t\t<\/div>\n\t\t\t\t\t<div id=\"elementor-tab-content-1182\" class=\"elementor-tab-content elementor-clearfix\" data-tab=\"2\" role=\"region\" aria-labelledby=\"elementor-tab-title-1182\"><div class=\"questions-block__question\"><div class=\"questions-block__text\">The effects of CBD will vary from person to person. It will depend on the amount taken, the method of application and the condition which they are trying to alleviate.<\/div><\/div><div class=\"questions-block__question\">\u00a0<\/div><\/div>\n\t\t\t\t<\/div>\n\t\t\t\t\t\t\t<div class=\"elementor-accordion-item\">\n\t\t\t\t\t<div id=\"elementor-tab-title-1183\" class=\"elementor-tab-title\" data-tab=\"3\" role=\"button\" aria-controls=\"elementor-tab-content-1183\" aria-expanded=\"false\">\n\t\t\t\t\t\t\t\t\t\t\t\t\t<span class=\"elementor-accordion-icon elementor-accordion-icon-left\" aria-hidden=\"true\">\n\t\t\t\t\t\t\t\t\t\t\t\t\t\t\t<span class=\"elementor-accordion-icon-closed\"><svg class=\"e-font-icon-svg e-fas-plus\" viewbox=\"0 0 448 512\" xmlns=\"http:\/\/www.w3.org\/2000\/svg\"><path d=\"M416 208H272V64c0-17.67-14.33-32-32-32h-32c-17.67 0-32 14.33-32 32v144H32c-17.67 0-32 14.33-32 32v32c0 17.67 14.33 32 32 32h144v144c0 17.67 14.33 32 32 32h32c17.67 0 32-14.33 32-32V304h144c17.67 0 32-14.33 32-32v-32c0-17.67-14.33-32-32-32z\"><\/path><\/svg><\/span>\n\t\t\t\t\t\t\t\t<span class=\"elementor-accordion-icon-opened\"><svg class=\"e-font-icon-svg e-fas-minus\" viewbox=\"0 0 448 512\" xmlns=\"http:\/\/www.w3.org\/2000\/svg\"><path d=\"M416 208H32c-17.67 0-32 14.33-32 32v32c0 17.67 14.33 32 32 32h384c17.67 0 32-14.33 32-32v-32c0-17.67-14.33-32-32-32z\"><\/path><\/svg><\/span>\n\t\t\t\t\t\t\t\t\t\t\t\t\t\t<\/span>\n\t\t\t\t\t\t\t\t\t\t\t\t<a class=\"elementor-accordion-title\" tabindex=\"0\">How is CBD extracted from hemp?<\/a>\n\t\t\t\t\t<\/div>\n\t\t\t\t\t<div id=\"elementor-tab-content-1183\" class=\"elementor-tab-content elementor-clearfix\" data-tab=\"3\" role=\"region\" aria-labelledby=\"elementor-tab-title-1183\"><div class=\"questions-block__title\"><div class=\"questions-block__question\"><div class=\"questions-block__text\">CBD can be extracted from hemp using several methods. Hemp Evolution extracts CBD and a full spectrum of other cannabinoids using a specialized CO2 extraction process. Other CBD suppliers use chemical extraction which leaves behind other essential cannabinoids which we believe reduces the effectiveness of CBD.<\/div><\/div><div class=\"questions-block__question\">\u00a0<\/div><\/div><\/div>\n\t\t\t\t<\/div>\n\t\t\t\t\t\t\t<div class=\"elementor-accordion-item\">\n\t\t\t\t\t<div id=\"elementor-tab-title-1184\" class=\"elementor-tab-title\" data-tab=\"4\" role=\"button\" aria-controls=\"elementor-tab-content-1184\" aria-expanded=\"false\">\n\t\t\t\t\t\t\t\t\t\t\t\t\t<span class=\"elementor-accordion-icon elementor-accordion-icon-left\" aria-hidden=\"true\">\n\t\t\t\t\t\t\t\t\t\t\t\t\t\t\t<span class=\"elementor-accordion-icon-closed\"><svg class=\"e-font-icon-svg e-fas-plus\" viewbox=\"0 0 448 512\" xmlns=\"http:\/\/www.w3.org\/2000\/svg\"><path d=\"M416 208H272V64c0-17.67-14.33-32-32-32h-32c-17.67 0-32 14.33-32 32v144H32c-17.67 0-32 14.33-32 32v32c0 17.67 14.33 32 32 32h144v144c0 17.67 14.33 32 32 32h32c17.67 0 32-14.33 32-32V304h144c17.67 0 32-14.33 32-32v-32c0-17.67-14.33-32-32-32z\"><\/path><\/svg><\/span>\n\t\t\t\t\t\t\t\t<span class=\"elementor-accordion-icon-opened\"><svg class=\"e-font-icon-svg e-fas-minus\" viewbox=\"0 0 448 512\" xmlns=\"http:\/\/www.w3.org\/2000\/svg\"><path d=\"M416 208H32c-17.67 0-32 14.33-32 32v32c0 17.67 14.33 32 32 32h384c17.67 0 32-14.33 32-32v-32c0-17.67-14.33-32-32-32z\"><\/path><\/svg><\/span>\n\t\t\t\t\t\t\t\t\t\t\t\t\t\t<\/span>\n\t\t\t\t\t\t\t\t\t\t\t\t<a class=\"elementor-accordion-title\" tabindex=\"0\">What are CBD capsules?<\/a>\n\t\t\t\t\t<\/div>\n\t\t\t\t\t<div id=\"elementor-tab-content-1184\" class=\"elementor-tab-content elementor-clearfix\" data-tab=\"4\" role=\"region\" aria-labelledby=\"elementor-tab-title-1184\"><div class=\"questions-block__question\"><div class=\"questions-block__text\">CBD capsules come in varying dosages\/CBD concentrations. The CBD in the capsule is an oil.<\/div><\/div><div class=\"questions-block__question\">\u00a0<\/div><\/div>\n\t\t\t\t<\/div>\n\t\t\t\t\t\t\t<div class=\"elementor-accordion-item\">\n\t\t\t\t\t<div id=\"elementor-tab-title-1185\" class=\"elementor-tab-title\" data-tab=\"5\" role=\"button\" aria-controls=\"elementor-tab-content-1185\" aria-expanded=\"false\">\n\t\t\t\t\t\t\t\t\t\t\t\t\t<span class=\"elementor-accordion-icon elementor-accordion-icon-left\" aria-hidden=\"true\">\n\t\t\t\t\t\t\t\t\t\t\t\t\t\t\t<span class=\"elementor-accordion-icon-closed\"><svg class=\"e-font-icon-svg e-fas-plus\" viewbox=\"0 0 448 512\" xmlns=\"http:\/\/www.w3.org\/2000\/svg\"><path d=\"M416 208H272V64c0-17.67-14.33-32-32-32h-32c-17.67 0-32 14.33-32 32v144H32c-17.67 0-32 14.33-32 32v32c0 17.67 14.33 32 32 32h144v144c0 17.67 14.33 32 32 32h32c17.67 0 32-14.33 32-32V304h144c17.67 0 32-14.33 32-32v-32c0-17.67-14.33-32-32-32z\"><\/path><\/svg><\/span>\n\t\t\t\t\t\t\t\t<span class=\"elementor-accordion-icon-opened\"><svg class=\"e-font-icon-svg e-fas-minus\" viewbox=\"0 0 448 512\" xmlns=\"http:\/\/www.w3.org\/2000\/svg\"><path d=\"M416 208H32c-17.67 0-32 14.33-32 32v32c0 17.67 14.33 32 32 32h384c17.67 0 32-14.33 32-32v-32c0-17.67-14.33-32-32-32z\"><\/path><\/svg><\/span>\n\t\t\t\t\t\t\t\t\t\t\t\t\t\t<\/span>\n\t\t\t\t\t\t\t\t\t\t\t\t<a class=\"elementor-accordion-title\" tabindex=\"0\">What is the endocannabinoid system?<\/a>\n\t\t\t\t\t<\/div>\n\t\t\t\t\t<div id=\"elementor-tab-content-1185\" class=\"elementor-tab-content elementor-clearfix\" data-tab=\"5\" role=\"region\" aria-labelledby=\"elementor-tab-title-1185\"><div class=\"questions-block__question\"><div class=\"questions-block__text\">The endocannabinoid system (ECS) is a group of endogenous cannabinoid receptors found in the brain of mammals. It is present throughout the CNS and peripheral nervous system. The ECS is composed of neuromodulatory lipids and many endocannabinoid receptors which regulate many mechanisms within the body. The Endocannabinoid system receptors are specifically receptive to cannabinoids found in the cannabis plant.<\/div><\/div><div class=\"questions-block__question\">\u00a0<\/div><\/div>\n\t\t\t\t<\/div>\n\t\t\t\t\t\t\t<div class=\"elementor-accordion-item\">\n\t\t\t\t\t<div id=\"elementor-tab-title-1186\" class=\"elementor-tab-title\" data-tab=\"6\" role=\"button\" aria-controls=\"elementor-tab-content-1186\" aria-expanded=\"false\">\n\t\t\t\t\t\t\t\t\t\t\t\t\t<span class=\"elementor-accordion-icon elementor-accordion-icon-left\" aria-hidden=\"true\">\n\t\t\t\t\t\t\t\t\t\t\t\t\t\t\t<span class=\"elementor-accordion-icon-closed\"><svg class=\"e-font-icon-svg e-fas-plus\" viewbox=\"0 0 448 512\" xmlns=\"http:\/\/www.w3.org\/2000\/svg\"><path d=\"M416 208H272V64c0-17.67-14.33-32-32-32h-32c-17.67 0-32 14.33-32 32v144H32c-17.67 0-32 14.33-32 32v32c0 17.67 14.33 32 32 32h144v144c0 17.67 14.33 32 32 32h32c17.67 0 32-14.33 32-32V304h144c17.67 0 32-14.33 32-32v-32c0-17.67-14.33-32-32-32z\"><\/path><\/svg><\/span>\n\t\t\t\t\t\t\t\t<span class=\"elementor-accordion-icon-opened\"><svg class=\"e-font-icon-svg e-fas-minus\" viewbox=\"0 0 448 512\" xmlns=\"http:\/\/www.w3.org\/2000\/svg\"><path d=\"M416 208H32c-17.67 0-32 14.33-32 32v32c0 17.67 14.33 32 32 32h384c17.67 0 32-14.33 32-32v-32c0-17.67-14.33-32-32-32z\"><\/path><\/svg><\/span>\n\t\t\t\t\t\t\t\t\t\t\t\t\t\t<\/span>\n\t\t\t\t\t\t\t\t\t\t\t\t<a class=\"elementor-accordion-title\" tabindex=\"0\">What is the shelf life of your products?<\/a>\n\t\t\t\t\t<\/div>\n\t\t\t\t\t<div id=\"elementor-tab-content-1186\" class=\"elementor-tab-content elementor-clearfix\" data-tab=\"6\" role=\"region\" aria-labelledby=\"elementor-tab-title-1186\"><div class=\"questions-block__question\"><div class=\"questions-block__text\">For shelf life, please refer to the Best Before date found on each one of our products.<\/div><\/div><div class=\"questions-block__question\">\u00a0<\/div><\/div>\n\t\t\t\t<\/div>\n\t\t\t\t\t\t\t<div class=\"elementor-accordion-item\">\n\t\t\t\t\t<div id=\"elementor-tab-title-1187\" class=\"elementor-tab-title\" data-tab=\"7\" role=\"button\" aria-controls=\"elementor-tab-content-1187\" aria-expanded=\"false\">\n\t\t\t\t\t\t\t\t\t\t\t\t\t<span class=\"elementor-accordion-icon elementor-accordion-icon-left\" aria-hidden=\"true\">\n\t\t\t\t\t\t\t\t\t\t\t\t\t\t\t<span class=\"elementor-accordion-icon-closed\"><svg class=\"e-font-icon-svg e-fas-plus\" viewbox=\"0 0 448 512\" xmlns=\"http:\/\/www.w3.org\/2000\/svg\"><path d=\"M416 208H272V64c0-17.67-14.33-32-32-32h-32c-17.67 0-32 14.33-32 32v144H32c-17.67 0-32 14.33-32 32v32c0 17.67 14.33 32 32 32h144v144c0 17.67 14.33 32 32 32h32c17.67 0 32-14.33 32-32V304h144c17.67 0 32-14.33 32-32v-32c0-17.67-14.33-32-32-32z\"><\/path><\/svg><\/span>\n\t\t\t\t\t\t\t\t<span class=\"elementor-accordion-icon-opened\"><svg class=\"e-font-icon-svg e-fas-minus\" viewbox=\"0 0 448 512\" xmlns=\"http:\/\/www.w3.org\/2000\/svg\"><path d=\"M416 208H32c-17.67 0-32 14.33-32 32v32c0 17.67 14.33 32 32 32h384c17.67 0 32-14.33 32-32v-32c0-17.67-14.33-32-32-32z\"><\/path><\/svg><\/span>\n\t\t\t\t\t\t\t\t\t\t\t\t\t\t<\/span>\n\t\t\t\t\t\t\t\t\t\t\t\t<a class=\"elementor-accordion-title\" tabindex=\"0\">How much CBD should I take?<\/a>\n\t\t\t\t\t<\/div>\n\t\t\t\t\t<div id=\"elementor-tab-content-1187\" class=\"elementor-tab-content elementor-clearfix\" data-tab=\"7\" role=\"region\" aria-labelledby=\"elementor-tab-title-1187\"><div class=\"questions-block__question\"><div class=\"questions-block__text\">The CBD dosage will vary for each person depending on their needs and the conditions they are trying to alleviate. For some applications only a small CDB dose is required to achieve optimal results; in other cases, a higher dosage will be required.<\/div><\/div><div class=\"questions-block__question\">\u00a0<\/div><\/div>\n\t\t\t\t<\/div>\n\t\t\t\t\t\t\t\t<\/div>\n\t\t\t\t\t\t<\/div>\n\t\t\t\t<\/div>\n\t\t\t\t<div class=\"elementor-element elementor-element-8eb2802 elementor-widget-divider--view-line_icon elementor-view-default elementor-widget-divider--element-align-center elementor-widget elementor-widget-divider\" data-id=\"8eb2802\" data-element_type=\"widget\" data-e-type=\"widget\" data-widget_type=\"divider.default\">\n\t\t\t\t<div class=\"elementor-widget-container\">\n\t\t\t\t\t\t\t<div class=\"elementor-divider\">\n\t\t\t<span class=\"elementor-divider-separator\">\n\t\t\t\t\t\t\t<div class=\"elementor-icon elementor-divider__element\">\n\t\t\t\t\t<svg xmlns=\"http:\/\/www.w3.org\/2000\/svg\" viewbox=\"0 0 512 512\" width=\"512\" height=\"512\"><g id=\"outline\"><path d=\"M471.845,343.265,419.36,266.923A201.22,201.22,0,0,0,424,224c0-110.28-89.72-200-200-200S24,113.72,24,224s89.72,200,200,200a198.616,198.616,0,0,0,73.233-13.849,92.04,92.04,0,0,0,52.588,68.713,101.916,101.916,0,0,0,84.359,0,91.814,91.814,0,0,0,37.665-135.6ZM40,224C40,122.542,122.542,40,224,40s184,82.542,184,184a186.036,186.036,0,0,1-1.584,24.1l-7.824-11.379a8,8,0,0,0-13.184,0l-12.4,18.034-2.421-.727a175.655,175.655,0,0,0-79.315-4.879A241.736,241.736,0,0,0,344.5,162.295l7.051-20.068a8,8,0,0,0-11.564-9.571l-2.418,1.4a241.384,241.384,0,0,0-74.018,66.645,222.778,222.778,0,0,0-24.513-116.4,8,8,0,0,0-7.1-4.305h-.066a8,8,0,0,0-7.089,4.422A231.766,231.766,0,0,0,200.772,201.23a241.361,241.361,0,0,0-74.4-67.17l-2.418-1.4a8,8,0,0,0-11.564,9.571l7.051,20.068a241.739,241.739,0,0,0,53.223,86.849,175.634,175.634,0,0,0-79.313,4.88l-7.712,2.313a8,8,0,0,0-.95,14.974l21.768,9.674A174.862,174.862,0,0,0,164.7,295.57a97.772,97.772,0,0,0-25.451,31.917l-2.467,4.935a8,8,0,0,0,8.47,11.469l15.057-2.509a98.015,98.015,0,0,0,59.154-33.917l4.474-5.368V368a8,8,0,0,0,16,0V302.023l4.535,5.443a98.019,98.019,0,0,0,59.153,33.916l8.813,1.468-.285.415a91.393,91.393,0,0,0-16.119,50.085A182.634,182.634,0,0,1,224,408C122.542,408,40,325.458,40,224ZM323.965,326.087a97.743,97.743,0,0,0-24.728-30.517,174.929,174.929,0,0,0,54.679-13.049Zm-85.924-51.261A8.119,8.119,0,0,0,231.905,272a8,8,0,0,0-6.112,2.878l-18.619,22.345a82.007,82.007,0,0,1-48.2,28.149,81.707,81.707,0,0,1,39.09-30.8,8,8,0,0,0-2.806-15.489,8.085,8.085,0,0,0-.862.046,158.941,158.941,0,0,1-81.443-12.764l-1.116-.5a159.816,159.816,0,0,1,87.579,6.951,8,8,0,0,0,7.791-13.752A225.771,225.771,0,0,1,135.127,158.65a225.409,225.409,0,0,1,72,83.836,8,8,0,0,0,14.946-5.4,215.813,215.813,0,0,1,10-129.946,209.547,209.547,0,0,1,10.014,129.478,8,8,0,0,0,14.932,5.446,225.482,225.482,0,0,1,71.791-83.414,225.8,225.8,0,0,1-72.083,100.417,8,8,0,0,0,7.791,13.752,159.818,159.818,0,0,1,87.579-6.951l-1.116.5a158.915,158.915,0,0,1-81.443,12.764,8,8,0,0,0-3.668,15.443,81.707,81.707,0,0,1,39.09,30.8,82.007,82.007,0,0,1-48.2-28.149L241.6,279.028ZM427.559,464.3l3.31,7.283-3.311-7.283a85.914,85.914,0,0,1-71.117,0,75.814,75.814,0,0,1-31.1-111.969L392,255.369l66.66,96.96a75.814,75.814,0,0,1-31.1,111.969Z\"><\/path><path d=\"M437.657,347.591a8,8,0,0,0-11.314,0l-80,80a8,8,0,0,0,11.314,11.314l80-80A8,8,0,0,0,437.657,347.591Z\"><\/path><path d=\"M384,369.248a24,24,0,1,0-24,24A24.027,24.027,0,0,0,384,369.248Zm-32,0a8,8,0,1,1,8,8A8.009,8.009,0,0,1,352,369.248Z\"><\/path><path d=\"M424,393.248a24,24,0,1,0,24,24A24.027,24.027,0,0,0,424,393.248Zm0,32a8,8,0,1,1,8-8A8.009,8.009,0,0,1,424,425.248Z\"><\/path><\/g><\/svg><\/div>\n\t\t\t\t\t\t<\/span>\n\t\t<\/div>\n\t\t\t\t\t\t<\/div>\n\t\t\t\t<\/div>\n\t\t\t\t<div class=\"elementor-element elementor-element-31a64de elementor-widget elementor-widget-accordion\" data-id=\"31a64de\" data-element_type=\"widget\" data-e-type=\"widget\" data-widget_type=\"accordion.default\">\n\t\t\t\t<div class=\"elementor-widget-container\">\n\t\t\t\t\t\t\t<div class=\"elementor-accordion\">\n\t\t\t\t\t\t\t<div class=\"elementor-accordion-item\">\n\t\t\t\t\t<div id=\"elementor-tab-title-5201\" class=\"elementor-tab-title\" data-tab=\"1\" role=\"button\" aria-controls=\"elementor-tab-content-5201\" aria-expanded=\"false\">\n\t\t\t\t\t\t\t\t\t\t\t\t\t<span class=\"elementor-accordion-icon elementor-accordion-icon-left\" aria-hidden=\"true\">\n\t\t\t\t\t\t\t\t\t\t\t\t\t\t\t<span class=\"elementor-accordion-icon-closed\"><svg class=\"e-font-icon-svg e-fas-plus\" viewbox=\"0 0 448 512\" xmlns=\"http:\/\/www.w3.org\/2000\/svg\"><path d=\"M416 208H272V64c0-17.67-14.33-32-32-32h-32c-17.67 0-32 14.33-32 32v144H32c-17.67 0-32 14.33-32 32v32c0 17.67 14.33 32 32 32h144v144c0 17.67 14.33 32 32 32h32c17.67 0 32-14.33 32-32V304h144c17.67 0 32-14.33 32-32v-32c0-17.67-14.33-32-32-32z\"><\/path><\/svg><\/span>\n\t\t\t\t\t\t\t\t<span class=\"elementor-accordion-icon-opened\"><svg class=\"e-font-icon-svg e-fas-minus\" viewbox=\"0 0 448 512\" xmlns=\"http:\/\/www.w3.org\/2000\/svg\"><path d=\"M416 208H32c-17.67 0-32 14.33-32 32v32c0 17.67 14.33 32 32 32h384c17.67 0 32-14.33 32-32v-32c0-17.67-14.33-32-32-32z\"><\/path><\/svg><\/span>\n\t\t\t\t\t\t\t\t\t\t\t\t\t\t<\/span>\n\t\t\t\t\t\t\t\t\t\t\t\t<a class=\"elementor-accordion-title\" tabindex=\"0\">Can I purchase Hemp Evolution products in bulk for my fitness club, natural product store, nursing home or other business?<\/a>\n\t\t\t\t\t<\/div>\n\t\t\t\t\t<div id=\"elementor-tab-content-5201\" class=\"elementor-tab-content elementor-clearfix\" data-tab=\"1\" role=\"region\" aria-labelledby=\"elementor-tab-title-5201\"><div class=\"questions-block__question\"><div class=\"questions-block__text\">Yes, our products are available for wholesale purchase. We are actively seeking to partner with organizations and businesses who share our interest in promoting good health on a global scale. Certain criteria exist to qualify as Hemp Evolution wholesaler or distributor.<\/div><\/div><div class=\"questions-block__question\">\u00a0<\/div><\/div>\n\t\t\t\t<\/div>\n\t\t\t\t\t\t\t<div class=\"elementor-accordion-item\">\n\t\t\t\t\t<div id=\"elementor-tab-title-5202\" class=\"elementor-tab-title\" data-tab=\"2\" role=\"button\" aria-controls=\"elementor-tab-content-5202\" aria-expanded=\"false\">\n\t\t\t\t\t\t\t\t\t\t\t\t\t<span class=\"elementor-accordion-icon elementor-accordion-icon-left\" aria-hidden=\"true\">\n\t\t\t\t\t\t\t\t\t\t\t\t\t\t\t<span class=\"elementor-accordion-icon-closed\"><svg class=\"e-font-icon-svg e-fas-plus\" viewbox=\"0 0 448 512\" xmlns=\"http:\/\/www.w3.org\/2000\/svg\"><path d=\"M416 208H272V64c0-17.67-14.33-32-32-32h-32c-17.67 0-32 14.33-32 32v144H32c-17.67 0-32 14.33-32 32v32c0 17.67 14.33 32 32 32h144v144c0 17.67 14.33 32 32 32h32c17.67 0 32-14.33 32-32V304h144c17.67 0 32-14.33 32-32v-32c0-17.67-14.33-32-32-32z\"><\/path><\/svg><\/span>\n\t\t\t\t\t\t\t\t<span class=\"elementor-accordion-icon-opened\"><svg class=\"e-font-icon-svg e-fas-minus\" viewbox=\"0 0 448 512\" xmlns=\"http:\/\/www.w3.org\/2000\/svg\"><path d=\"M416 208H32c-17.67 0-32 14.33-32 32v32c0 17.67 14.33 32 32 32h384c17.67 0 32-14.33 32-32v-32c0-17.67-14.33-32-32-32z\"><\/path><\/svg><\/span>\n\t\t\t\t\t\t\t\t\t\t\t\t\t\t<\/span>\n\t\t\t\t\t\t\t\t\t\t\t\t<a class=\"elementor-accordion-title\" tabindex=\"0\">How do you transport your products?<\/a>\n\t\t\t\t\t<\/div>\n\t\t\t\t\t<div id=\"elementor-tab-content-5202\" class=\"elementor-tab-content elementor-clearfix\" data-tab=\"2\" role=\"region\" aria-labelledby=\"elementor-tab-title-5202\"><div class=\"questions-block__question\"><div class=\"questions-block__text\">We ship our products using UPS courier services. Delivery time within Europe is 3-5 business days.<\/div><\/div><div class=\"questions-block__question\">\u00a0<\/div><\/div>\n\t\t\t\t<\/div>\n\t\t\t\t\t\t\t\t<\/div>\n\t\t\t\t\t\t<\/div>\n\t\t\t\t<\/div>\n\t\t\t\t\t<\/div>\n\t\t<\/div>\n\t\t\t\t\t<\/div>\n\t\t<\/section>\n\t\t\t\t<\/div>","protected":false},"excerpt":{"rendered":"<p>Jak dzia\u0142a CBD w organizmie? CBD dzia\u0142a w organizmie poprzez aktywacj\u0119 receptor\u00f3w w m\u00f3zgu i uk\u0142adzie nerwowym &#8211; poprzez nasz uk\u0142ad endokannabinoidowy (ECS). CBD wp\u0142ywa na r\u00f3\u017cne receptory THC i wp\u0142ywa na wiele receptor\u00f3w odpowiedzialnych za regulacj\u0119 wielu cz\u0119\u015bci uk\u0142ad\u00f3w organizmu.\u00a0 Jakie efekty przynosi CBD? Efekty korzystania z CBD b\u0119d\u0105 si\u0119 r\u00f3\u017cni\u0107 w zale\u017cno\u015bci od [&hellip;]<\/p>\n","protected":false},"author":1,"featured_media":0,"parent":0,"menu_order":0,"comment_status":"closed","ping_status":"closed","template":"","meta":{"_acf_changed":false,"footnotes":""},"class_list":["post-535","page","type-page","status-publish","hentry"],"acf":[],"_links":{"self":[{"href":"https:\/\/hempevolution.eu\/en\/wp-json\/wp\/v2\/pages\/535","targetHints":{"allow":["GET"]}}],"collection":[{"href":"https:\/\/hempevolution.eu\/en\/wp-json\/wp\/v2\/pages"}],"about":[{"href":"https:\/\/hempevolution.eu\/en\/wp-json\/wp\/v2\/types\/page"}],"author":[{"embeddable":true,"href":"https:\/\/hempevolution.eu\/en\/wp-json\/wp\/v2\/users\/1"}],"replies":[{"embeddable":true,"href":"https:\/\/hempevolution.eu\/en\/wp-json\/wp\/v2\/comments?post=535"}],"version-history":[{"count":0,"href":"https:\/\/hempevolution.eu\/en\/wp-json\/wp\/v2\/pages\/535\/revisions"}],"wp:attachment":[{"href":"https:\/\/hempevolution.eu\/en\/wp-json\/wp\/v2\/media?parent=535"}],"curies":[{"name":"wp","href":"https:\/\/api.w.org\/{rel}","templated":true}]}}