{"id":51,"date":"2023-08-17T12:49:07","date_gmt":"2023-08-17T10:49:07","guid":{"rendered":"http:\/\/new.hempevolution.eu\/index.php\/koszyk\/"},"modified":"2023-08-24T13:15:27","modified_gmt":"2023-08-24T11:15:27","slug":"koszyk","status":"publish","type":"page","link":"https:\/\/hempevolution.eu\/en\/koszyk\/","title":{"rendered":"Koszyk"},"content":{"rendered":"<div data-elementor-type=\"wp-page\" data-elementor-id=\"51\" class=\"elementor elementor-51\" data-elementor-post-type=\"page\">\n\t\t\t\t\t\t<section class=\"elementor-section elementor-top-section elementor-element elementor-element-859b43e elementor-section-boxed elementor-section-height-default elementor-section-height-default\" data-id=\"859b43e\" data-element_type=\"section\" data-e-type=\"section\">\n\t\t\t\t\t\t<div class=\"elementor-container elementor-column-gap-default\">\n\t\t\t\t\t<div class=\"elementor-column elementor-col-100 elementor-top-column elementor-element elementor-element-dbbf7f9\" data-id=\"dbbf7f9\" data-element_type=\"column\" data-e-type=\"column\">\n\t\t\t<div class=\"elementor-widget-wrap elementor-element-populated\">\n\t\t\t\t\t\t\t<\/div>\n\t\t<\/div>\n\t\t\t\t\t<\/div>\n\t\t<\/section>\n\t\t\t\t<\/div>","protected":false},"excerpt":{"rendered":"<p>Usu\u0144 element Miniatura Produkt Cena Ilo\u015b\u0107 Kwota &times; CBD Olejek Good Night 120.00&#122;&#322; ilo\u015b\u0107 CBD Olejek Good Night 360.00&#122;&#322; Aplikuj kod zni\u017ckowy Podsumowanie Kwota 360.00&#122;&#322; Wysy\u0142ka Courier Delivery: 66.00&#122;&#322; Wysy\u0142ka do: 8 Maple Walk, Longford, Longford, CV6 6AU COVENTRY, Francja. Zmie\u0144 adres Kraj \/ region: Wybierz kraj\/region&hellip;AfganistanAlbaniaAlgieriaAndoraAngolaAnguillaAntarktydaAntigua i BarbudaArabia SaudyjskaArgentynaArmeniaArubaAustraliaAustriaAzerbejd\u017canBahamyBahrajnBangladeszBarbadosBelauBelgiaBelizeBeninBermudyBhutanBia\u0142oru\u015bBoliwiaBo\u015bnia i HercegowinaBotswanaBrazyliaBrazzavilleBruneiBrytyjskie Terytorium Oceanu IndyjskiegoBu\u0142gariaBurkina [&hellip;]<\/p>\n","protected":false},"author":1,"featured_media":0,"parent":0,"menu_order":0,"comment_status":"closed","ping_status":"closed","template":"","meta":{"_acf_changed":false,"footnotes":""},"class_list":["post-51","page","type-page","status-publish","hentry"],"acf":[],"_links":{"self":[{"href":"https:\/\/hempevolution.eu\/en\/wp-json\/wp\/v2\/pages\/51","targetHints":{"allow":["GET"]}}],"collection":[{"href":"https:\/\/hempevolution.eu\/en\/wp-json\/wp\/v2\/pages"}],"about":[{"href":"https:\/\/hempevolution.eu\/en\/wp-json\/wp\/v2\/types\/page"}],"author":[{"embeddable":true,"href":"https:\/\/hempevolution.eu\/en\/wp-json\/wp\/v2\/users\/1"}],"replies":[{"embeddable":true,"href":"https:\/\/hempevolution.eu\/en\/wp-json\/wp\/v2\/comments?post=51"}],"version-history":[{"count":0,"href":"https:\/\/hempevolution.eu\/en\/wp-json\/wp\/v2\/pages\/51\/revisions"}],"wp:attachment":[{"href":"https:\/\/hempevolution.eu\/en\/wp-json\/wp\/v2\/media?parent=51"}],"curies":[{"name":"wp","href":"https:\/\/api.w.org\/{rel}","templated":true}]}}